{"id":33,"date":"2015-08-02T15:19:30","date_gmt":"2015-08-02T15:19:30","guid":{"rendered":"http:\/\/www.tallerderedaccion.com\/letras\/?page_id=33"},"modified":"2023-09-04T22:31:13","modified_gmt":"2023-09-04T22:31:13","slug":"ensayo","status":"publish","type":"page","link":"https:\/\/www.kubernetica.com\/campus\/","title":{"rendered":"Bienvenida"},"content":{"rendered":"<img loading=\"lazy\" decoding=\"async\" class=\"aligncenter wp-image-434 size-full\" src=\"https:\/\/www.kubernetica.com\/campus\/wp-content\/uploads\/2023\/09\/taller-pensando-la-posmodernidad-big.png\" alt=\"\" width=\"2500\" height=\"1538\" srcset=\"https:\/\/www.kubernetica.com\/campus\/wp-content\/uploads\/2023\/09\/taller-pensando-la-posmodernidad-big.png 2500w, https:\/\/www.kubernetica.com\/campus\/wp-content\/uploads\/2023\/09\/taller-pensando-la-posmodernidad-big-300x185.png 300w, https:\/\/www.kubernetica.com\/campus\/wp-content\/uploads\/2023\/09\/taller-pensando-la-posmodernidad-big-1024x630.png 1024w, https:\/\/www.kubernetica.com\/campus\/wp-content\/uploads\/2023\/09\/taller-pensando-la-posmodernidad-big-768x472.png 768w, https:\/\/www.kubernetica.com\/campus\/wp-content\/uploads\/2023\/09\/taller-pensando-la-posmodernidad-big-1536x945.png 1536w, https:\/\/www.kubernetica.com\/campus\/wp-content\/uploads\/2023\/09\/taller-pensando-la-posmodernidad-big-2048x1260.png 2048w\" sizes=\"auto, (max-width: 2500px) 100vw, 2500px\" \/>\n\nEl taller <strong>Pensando la Posmodernidad<\/strong> se propone reflexionar sobre las consecuencias socioculturales vinculadas a la incorporaci\u00f3n de las nuevas tecnolog\u00edas con el objeto de desarrollar conocimientos y habilidades anal\u00edticas para la comprensi\u00f3n de los fen\u00f3menos que tienen lugar en entornos culturales atravesados por instrumentos t\u00e9cnicos ubicuos y convergentes.\n\nDesde un nivel pr\u00e1ctico, el taller se propone el an\u00e1lisis de filmes contempor\u00e1neos con el prop\u00f3sito de abordar algunas de las problem\u00e1ticas fundamentales de la nueva condici\u00f3n humana, entre otras: el narcisismo, el individualismo, el consumismo, el vac\u00edo de la existencia, la soledad, la otredad, la angustia, el amor (propio y del otro), las nuevas tecnolog\u00edas, las adicciones, la sexualizaci\u00f3n o erotizaci\u00f3n de la vida cotidiana y los v\u00ednculos interpersonales mediados.\n\nEl taller est\u00e1 destinado a estudiantes, profesionales, empresas e instituciones educativas en todo el territorio hispanoamericano interesados en comprender, mediante la lectura de referentes te\u00f3ricos y el an\u00e1lisis cr\u00edtico de piezas audiovisuales, los diversos escenarios sociomedi\u00e1ticos que se abrieron durante los \u00faltimos a\u00f1os a partir de la multiplicidad de pantallas electr\u00f3nicas.\n\nEn este espacio, se ponen a disposici\u00f3n los <strong><a href=\"\/campus\/fundamentos\/\">fundamentos del taller<\/a><\/strong>, el <strong><a href=\"\/campus\/programa\/\">programa completo<\/a><\/strong> y, de forma libre para la comunidad hispanohablante, un listado de <strong><a href=\"\/campus\/bibliografia\/\">enlaces bibliogr\u00e1ficos<\/a><\/strong> que pretenden colaborar en la comprensi\u00f3n de la sociedad contempor\u00e1nea.\n\nPor otro lado, ofrecemos <strong><a href=\"\/campus\/clases\/\">clases particulares y grupales<\/a><\/strong> orientadas a trabajar de forma personalizada en tem\u00e1ticas y\/o autores espec\u00edficos. Las clases consisten en encuentros individuales o grupales en los que se analizan obras ensay\u00edsticas y cinematogr\u00e1ficas adecuadas a los intereses o preocupaciones de los asistentes.\n\nPara mayor informaci\u00f3n sobre la realizaci\u00f3n presencial o virtual de los talleres o de las clases particulares y\/o grupales, tener a bien enviar un correo a <a href=\"mailto:santiagokoval@gmail.com\"><strong>santiagokoval@gmail.com<\/strong><\/a> o completar el siguiente <a href=\"\/campus\/contacto\/\"><strong>formulario de contacto<\/strong><\/a>.\n\n<!-- \/wp:post-content -->","protected":false},"excerpt":{"rendered":"<p>El taller Pensando la Posmodernidad se propone reflexionar sobre las consecuencias socioculturales vinculadas a la incorporaci\u00f3n de las nuevas tecnolog\u00edas con el objeto de desarrollar conocimientos y habilidades anal\u00edticas para la comprensi\u00f3n de los fen\u00f3menos que tienen lugar en entornos culturales atravesados por instrumentos t\u00e9cnicos ubicuos y convergentes. Desde un nivel pr\u00e1ctico, el taller se [&hellip;]<\/p>\n","protected":false},"author":1,"featured_media":0,"parent":0,"menu_order":0,"comment_status":"closed","ping_status":"open","template":"","meta":{"footnotes":""},"class_list":["post-33","page","type-page","status-publish","hentry"],"_links":{"self":[{"href":"https:\/\/www.kubernetica.com\/campus\/wp-json\/wp\/v2\/pages\/33","targetHints":{"allow":["GET"]}}],"collection":[{"href":"https:\/\/www.kubernetica.com\/campus\/wp-json\/wp\/v2\/pages"}],"about":[{"href":"https:\/\/www.kubernetica.com\/campus\/wp-json\/wp\/v2\/types\/page"}],"author":[{"embeddable":true,"href":"https:\/\/www.kubernetica.com\/campus\/wp-json\/wp\/v2\/users\/1"}],"replies":[{"embeddable":true,"href":"https:\/\/www.kubernetica.com\/campus\/wp-json\/wp\/v2\/comments?post=33"}],"version-history":[{"count":30,"href":"https:\/\/www.kubernetica.com\/campus\/wp-json\/wp\/v2\/pages\/33\/revisions"}],"predecessor-version":[{"id":435,"href":"https:\/\/www.kubernetica.com\/campus\/wp-json\/wp\/v2\/pages\/33\/revisions\/435"}],"wp:attachment":[{"href":"https:\/\/www.kubernetica.com\/campus\/wp-json\/wp\/v2\/media?parent=33"}],"curies":[{"name":"wp","href":"https:\/\/api.w.org\/{rel}","templated":true}]}}