{"id":404,"date":"2023-08-24T15:11:40","date_gmt":"2023-08-24T15:11:40","guid":{"rendered":"https:\/\/www.kubernetica.com\/campus\/?page_id=404"},"modified":"2023-08-24T15:21:28","modified_gmt":"2023-08-24T15:21:28","slug":"clases","status":"publish","type":"page","link":"https:\/\/www.kubernetica.com\/campus\/clases\/","title":{"rendered":"Clases particulares y grupales"},"content":{"rendered":"<p>De forma complementaria al taller <strong><a href=\"\/campus\/programa\/\">Pensando la posmodernidad<\/a><\/strong>, ofrecemos clases particulares y grupales orientadas a trabajar de forma personalizada en tem\u00e1ticas y\/o autores espec\u00edficos.<\/p>\n<p>Las clases consisten en encuentros individuales o grupales en los que se analizan obras ensay\u00edsticas y cinematogr\u00e1ficas adecuadas a los intereses o preocupaciones de los asistentes.<\/p>\n<p>Ante cualquier duda, tener a bien escribir un correo a <strong><a href=\"mailto:santiagokoval@gmail.com\">santiagokoval@gmail.com<\/a><\/strong> o completar el siguiente <strong><a href=\"\/campus\/contacto\/\">formulario de contacto<\/a><\/strong>.<\/p>\n","protected":false},"excerpt":{"rendered":"<p>De forma complementaria al taller Pensando la posmodernidad, ofrecemos clases particulares y grupales orientadas a trabajar de forma personalizada en tem\u00e1ticas y\/o autores espec\u00edficos. Las clases consisten en encuentros individuales o grupales en los que se analizan obras ensay\u00edsticas y cinematogr\u00e1ficas adecuadas a los intereses o preocupaciones de los asistentes. Ante cualquier duda, tener a [&hellip;]<\/p>\n","protected":false},"author":1,"featured_media":0,"parent":0,"menu_order":0,"comment_status":"closed","ping_status":"closed","template":"","meta":{"footnotes":""},"class_list":["post-404","page","type-page","status-publish","hentry"],"_links":{"self":[{"href":"https:\/\/www.kubernetica.com\/campus\/wp-json\/wp\/v2\/pages\/404","targetHints":{"allow":["GET"]}}],"collection":[{"href":"https:\/\/www.kubernetica.com\/campus\/wp-json\/wp\/v2\/pages"}],"about":[{"href":"https:\/\/www.kubernetica.com\/campus\/wp-json\/wp\/v2\/types\/page"}],"author":[{"embeddable":true,"href":"https:\/\/www.kubernetica.com\/campus\/wp-json\/wp\/v2\/users\/1"}],"replies":[{"embeddable":true,"href":"https:\/\/www.kubernetica.com\/campus\/wp-json\/wp\/v2\/comments?post=404"}],"version-history":[{"count":2,"href":"https:\/\/www.kubernetica.com\/campus\/wp-json\/wp\/v2\/pages\/404\/revisions"}],"predecessor-version":[{"id":412,"href":"https:\/\/www.kubernetica.com\/campus\/wp-json\/wp\/v2\/pages\/404\/revisions\/412"}],"wp:attachment":[{"href":"https:\/\/www.kubernetica.com\/campus\/wp-json\/wp\/v2\/media?parent=404"}],"curies":[{"name":"wp","href":"https:\/\/api.w.org\/{rel}","templated":true}]}}