{"id":189,"date":"2017-01-03T00:06:29","date_gmt":"2017-01-03T00:06:29","guid":{"rendered":"http:\/\/www.tallerderedaccion.com\/?page_id=189"},"modified":"2023-08-17T21:51:12","modified_gmt":"2023-08-17T21:51:12","slug":"clases-particulares","status":"publish","type":"page","link":"https:\/\/www.kubernetica.com\/taller\/clases-particulares\/","title":{"rendered":"Clases particulares"},"content":{"rendered":"<p>De forma complementaria al <strong><a href=\"\/taller\/taller-de-redaccion-academica\/\">Taller de redacci\u00f3n acad\u00e9mica<\/a><\/strong>, ofrecemos clases particulares y grupales destinadas a guiar la producci\u00f3n de textos profesionales, libros y trabajos acad\u00e9micos (monograf\u00edas, ensayos, trabajos pr\u00e1cticos, tesinas, informes, trabajos de integraci\u00f3n final, tesis, etc.).<\/p>\n<p>Las clases consisten en encuentros individuales y\/o grupales en los que se analiza la estructura del trabajo escrito por el estudiante\/tesista\/profesional y se discuten cuestiones vinculadas con la metodolog\u00eda y el orden expositivo del texto. Tambi\u00e9n, se revisan aspectos de redacci\u00f3n con diversos niveles de profundidad de acuerdo con las necesidades de cada caso particular.<\/p>\n<p>Ante cualquier duda, tener a bien escribir un correo a <strong><a href=\"mailto:santiagokoval@gmail.com\">santiagokoval@gmail.com<\/a><\/strong> o completar el siguiente <strong><a href=\"\/taller\/contacto\/\">formulario de contacto<\/a><\/strong>.<\/p>\n","protected":false},"excerpt":{"rendered":"<p>De forma complementaria al Taller de redacci\u00f3n acad\u00e9mica, ofrecemos clases particulares y grupales destinadas a guiar la producci\u00f3n de textos profesionales, libros y trabajos acad\u00e9micos (monograf\u00edas, ensayos, trabajos pr\u00e1cticos, tesinas, informes, trabajos de integraci\u00f3n final, tesis, etc.). Las clases consisten en encuentros individuales y\/o grupales en los que se analiza la estructura del trabajo escrito [&hellip;]<\/p>\n","protected":false},"author":1,"featured_media":0,"parent":0,"menu_order":0,"comment_status":"closed","ping_status":"closed","template":"","meta":{"footnotes":""},"class_list":["post-189","page","type-page","status-publish","hentry"],"aioseo_notices":[],"_links":{"self":[{"href":"https:\/\/www.kubernetica.com\/taller\/wp-json\/wp\/v2\/pages\/189","targetHints":{"allow":["GET"]}}],"collection":[{"href":"https:\/\/www.kubernetica.com\/taller\/wp-json\/wp\/v2\/pages"}],"about":[{"href":"https:\/\/www.kubernetica.com\/taller\/wp-json\/wp\/v2\/types\/page"}],"author":[{"embeddable":true,"href":"https:\/\/www.kubernetica.com\/taller\/wp-json\/wp\/v2\/users\/1"}],"replies":[{"embeddable":true,"href":"https:\/\/www.kubernetica.com\/taller\/wp-json\/wp\/v2\/comments?post=189"}],"version-history":[{"count":9,"href":"https:\/\/www.kubernetica.com\/taller\/wp-json\/wp\/v2\/pages\/189\/revisions"}],"predecessor-version":[{"id":320,"href":"https:\/\/www.kubernetica.com\/taller\/wp-json\/wp\/v2\/pages\/189\/revisions\/320"}],"wp:attachment":[{"href":"https:\/\/www.kubernetica.com\/taller\/wp-json\/wp\/v2\/media?parent=189"}],"curies":[{"name":"wp","href":"https:\/\/api.w.org\/{rel}","templated":true}]}}