{"id":198,"date":"2017-01-03T00:38:01","date_gmt":"2017-01-03T00:38:01","guid":{"rendered":"http:\/\/www.tallerderedaccion.com\/?page_id=198"},"modified":"2023-08-18T17:36:14","modified_gmt":"2023-08-18T17:36:14","slug":"enlaces","status":"publish","type":"page","link":"https:\/\/www.kubernetica.com\/taller\/enlaces\/","title":{"rendered":"Enlaces"},"content":{"rendered":"<p>Recursos recomendados para la redacci\u00f3n acad\u00e9mica y profesional:<\/p>\n<p style=\"padding-left: 30px;\">Manual de apoyo<\/p>\n<p style=\"padding-left: 60px;\"><strong><a href=\"https:\/\/www.kubernetica.com\/taller\/documentos\/Manual-de-apoyo_Taller-de-redaccion-academica-KOVAL.pdf\" target=\"_blank\" rel=\"noopener\">Manual del Taller de Redacci\u00f3n Acad\u00e9mica <\/a><\/strong> (PDF gratuito)<\/p>\n<p style=\"padding-left: 30px;\">Libro<\/p>\n<p style=\"padding-left: 60px;\"><a href=\"https:\/\/www.kubernetica.com\/wp-content\/uploads\/2022\/11\/Manual-para-la-elaboracion-de-trabajos-academicos-SANTIAGO-KOVAL.pdf\n\" target=\"_blank\" rel=\"noopener\"><strong>Manual para la elaboraci\u00f3n de trabajos acad\u00e9micos: Investigar y redactar en el \u00e1mbito universitario<\/strong><\/a> (PDF gratuito)<\/p>\n<p style=\"padding-left: 30px;\">Diccionario de la Real Academia Espa\u00f1ola<\/p>\n<p style=\"padding-left: 60px;\"><strong><a href=\"http:\/\/buscon.rae.es\/draeI\/\" target=\"_blank\" rel=\"noopener\">http:\/\/buscon.rae.es\/draeI\/<\/a><\/strong><\/p>\n<p class=\"Default\" style=\"padding-left: 30px;\">Diccionario panhisp\u00e1nico de dudas &#8211; Primera edici\u00f3n (octubre 2005)<\/p>\n<p style=\"padding-left: 60px;\"><strong><a href=\"http:\/\/buscon.rae.es\/dpdI\/\" target=\"_blank\" rel=\"noopener\">http:\/\/buscon.rae.es\/dpdI\/<\/a><\/strong><\/p>\n<p style=\"padding-left: 30px;\">Diccionario de uso del espa\u00f1ol (Mar\u00eda Moliner)<\/p>\n<p class=\"Default\" style=\"padding-left: 60px;\"><strong><a href=\"http:\/\/www.diclib.com\/cgi-bin\/d1.cgi?l=es&amp;base=moliner&amp;page=showindex\" target=\"_blank\" rel=\"noopener\">http:\/\/www.diclib.com\/cgi-bin\/d1.cgi?l=es&amp;base=moliner&amp;page=showindex<\/a><\/strong><\/p>\n<p class=\"Default\" style=\"padding-left: 30px;\">Sitio de la Academia Argentina de Letras.<\/p>\n<p class=\"Default\" style=\"padding-left: 60px;\"><strong><a href=\"http:\/\/www.letras.edu.ar\" target=\"_blank\" rel=\"noopener\">http:\/\/www.letras.edu.ar<\/a><\/strong><\/p>\n<p class=\"Default\" style=\"padding-left: 30px;\">Sitio de la Fundaci\u00f3n del Espa\u00f1ol Urgente.<\/p>\n<p style=\"padding-left: 60px;\"><strong><a href=\"http:\/\/www.fundeu.es\" target=\"_blank\" rel=\"noopener\">http:\/\/www.fundeu.es<\/a><\/strong><\/p>\n<p class=\"Default\">\n","protected":false},"excerpt":{"rendered":"<p>Recursos recomendados para la redacci\u00f3n acad\u00e9mica y profesional: Manual de apoyo Manual del Taller de Redacci\u00f3n Acad\u00e9mica (PDF gratuito) Libro Manual para la elaboraci\u00f3n de trabajos acad\u00e9micos: Investigar y redactar en el \u00e1mbito universitario (PDF gratuito) Diccionario de la Real Academia Espa\u00f1ola http:\/\/buscon.rae.es\/draeI\/ Diccionario panhisp\u00e1nico de dudas &#8211; Primera edici\u00f3n (octubre 2005) http:\/\/buscon.rae.es\/dpdI\/ Diccionario de [&hellip;]<\/p>\n","protected":false},"author":1,"featured_media":0,"parent":0,"menu_order":0,"comment_status":"closed","ping_status":"closed","template":"","meta":{"footnotes":""},"class_list":["post-198","page","type-page","status-publish","hentry"],"aioseo_notices":[],"_links":{"self":[{"href":"https:\/\/www.kubernetica.com\/taller\/wp-json\/wp\/v2\/pages\/198","targetHints":{"allow":["GET"]}}],"collection":[{"href":"https:\/\/www.kubernetica.com\/taller\/wp-json\/wp\/v2\/pages"}],"about":[{"href":"https:\/\/www.kubernetica.com\/taller\/wp-json\/wp\/v2\/types\/page"}],"author":[{"embeddable":true,"href":"https:\/\/www.kubernetica.com\/taller\/wp-json\/wp\/v2\/users\/1"}],"replies":[{"embeddable":true,"href":"https:\/\/www.kubernetica.com\/taller\/wp-json\/wp\/v2\/comments?post=198"}],"version-history":[{"count":8,"href":"https:\/\/www.kubernetica.com\/taller\/wp-json\/wp\/v2\/pages\/198\/revisions"}],"predecessor-version":[{"id":403,"href":"https:\/\/www.kubernetica.com\/taller\/wp-json\/wp\/v2\/pages\/198\/revisions\/403"}],"wp:attachment":[{"href":"https:\/\/www.kubernetica.com\/taller\/wp-json\/wp\/v2\/media?parent=198"}],"curies":[{"name":"wp","href":"https:\/\/api.w.org\/{rel}","templated":true}]}}