{"id":211,"date":"2017-01-03T15:53:13","date_gmt":"2017-01-03T15:53:13","guid":{"rendered":"http:\/\/www.tallerderedaccion.com\/?page_id=211"},"modified":"2023-08-18T17:36:52","modified_gmt":"2023-08-18T17:36:52","slug":"manual-de-apoyo","status":"publish","type":"page","link":"https:\/\/www.kubernetica.com\/taller\/manual-de-apoyo\/","title":{"rendered":"Manual de apoyo"},"content":{"rendered":"<p>Compartimos a continuaci\u00f3n, de forma libre y gratuita para toda la comunidad hispanohablante, el <strong><a href=\"\/taller\/documentos\/Manual-de-apoyo_Taller-de-redaccion-academica-KOVAL.pdf\" target=\"_blank\" rel=\"noopener\">Manual de apoyo para el Taller de Redacci\u00f3n Acad\u00e9mica (PDF)<\/a><\/strong>.<\/p>\n<p>El Manual\u00a0ofrece un compendio organizado de las etapas centrales de la producci\u00f3n acad\u00e9mica en sus dos ejes principales: la investigaci\u00f3n y la redacci\u00f3n.<\/p>\n<p>Esperamos que el documento sirva para contribuir en la formaci\u00f3n y especializaci\u00f3n acad\u00e9micas de estudiantes de las m\u00e1s diversas ramas cient\u00edficas.<\/p>\n<p>De forma complementaria, se ofrece con acceso libre y gratuito el libro de Santiago Koval, <a href=\"\/taller\/libro\/\"><strong>Manual para la elaboraci\u00f3n de trabajos acad\u00e9micos: Investigar y redactar en el \u00e1mbito universitario<\/strong><\/a>.<\/p>\n","protected":false},"excerpt":{"rendered":"<p>Compartimos a continuaci\u00f3n, de forma libre y gratuita para toda la comunidad hispanohablante, el Manual de apoyo para el Taller de Redacci\u00f3n Acad\u00e9mica (PDF). El Manual\u00a0ofrece un compendio organizado de las etapas centrales de la producci\u00f3n acad\u00e9mica en sus dos ejes principales: la investigaci\u00f3n y la redacci\u00f3n. Esperamos que el documento sirva para contribuir en [&hellip;]<\/p>\n","protected":false},"author":1,"featured_media":0,"parent":0,"menu_order":0,"comment_status":"closed","ping_status":"closed","template":"","meta":{"footnotes":""},"class_list":["post-211","page","type-page","status-publish","hentry"],"aioseo_notices":[],"_links":{"self":[{"href":"https:\/\/www.kubernetica.com\/taller\/wp-json\/wp\/v2\/pages\/211","targetHints":{"allow":["GET"]}}],"collection":[{"href":"https:\/\/www.kubernetica.com\/taller\/wp-json\/wp\/v2\/pages"}],"about":[{"href":"https:\/\/www.kubernetica.com\/taller\/wp-json\/wp\/v2\/types\/page"}],"author":[{"embeddable":true,"href":"https:\/\/www.kubernetica.com\/taller\/wp-json\/wp\/v2\/users\/1"}],"replies":[{"embeddable":true,"href":"https:\/\/www.kubernetica.com\/taller\/wp-json\/wp\/v2\/comments?post=211"}],"version-history":[{"count":9,"href":"https:\/\/www.kubernetica.com\/taller\/wp-json\/wp\/v2\/pages\/211\/revisions"}],"predecessor-version":[{"id":404,"href":"https:\/\/www.kubernetica.com\/taller\/wp-json\/wp\/v2\/pages\/211\/revisions\/404"}],"wp:attachment":[{"href":"https:\/\/www.kubernetica.com\/taller\/wp-json\/wp\/v2\/media?parent=211"}],"curies":[{"name":"wp","href":"https:\/\/api.w.org\/{rel}","templated":true}]}}