{"id":225,"date":"2017-01-03T17:23:09","date_gmt":"2017-01-03T17:23:09","guid":{"rendered":"http:\/\/www.tallerderedaccion.com\/?page_id=225"},"modified":"2023-08-29T13:26:40","modified_gmt":"2023-08-29T13:26:40","slug":"taller-de-redaccion-academica","status":"publish","type":"page","link":"https:\/\/www.kubernetica.com\/taller\/taller-de-redaccion-academica\/","title":{"rendered":"Taller de redacci\u00f3n acad\u00e9mica"},"content":{"rendered":"<p style=\"text-align: right;\">Descargar el <a href=\"\/taller\/documentos\/Programa-Taller-de-Redaccion-Academica-KOVAL-2023.pdf\" target=\"_blank\" rel=\"noopener\">Programa completo (PDF) \u2192<\/a><\/p>\n<p>El <strong>Taller de redacci\u00f3n acad\u00e9mica<\/strong> de <strong>Kubern\u00c9tica Academy<\/strong> tiene como objetivo abarcar el proceso productivo involucrado en la investigaci\u00f3n y redacci\u00f3n de trabajos acad\u00e9micos, esto es: la definici\u00f3n del objeto de estudio, la detecci\u00f3n de un problema de investigaci\u00f3n y la formulaci\u00f3n de hip\u00f3tesis, el desarrollo de un dise\u00f1o metodol\u00f3gico y la presentaci\u00f3n de resultados y conclusiones finales.<\/p>\n<p>El taller se propone como un espacio suplementario de la formaci\u00f3n superior y est\u00e1 destinado tanto a tesistas que deban realizar su trabajo final, su tesina de grado o su tesis de posgrado, como a estudiantes de diversas disciplinas que tengan que elaborar trabajos escritos a lo largo de su carrera. Asimismo, puede ser \u00fatil para aquellos profesionales interesados en mejorar sus habilidades metodol\u00f3gicas de trabajo o sus destrezas ret\u00f3ricas para la redacci\u00f3n de textos.<\/p>\n<p>El abordaje es te\u00f3rico-pr\u00e1ctico y est\u00e1 concebido con el prop\u00f3sito de introducir a los\/las asistentes a la producci\u00f3n de trabajos acad\u00e9micos, profesionales y cient\u00edficos. En particular, se ofrecer\u00e1n herramientas para reconocer, dise\u00f1ar y producir los distintos tipos textuales que conforman el \u00e1mbito cient\u00edfico-acad\u00e9mico: trabajos de integraci\u00f3n final, art\u00edculos cient\u00edficos o <em>papers<\/em>, informes de investigaci\u00f3n, monograf\u00edas, tesis y\/o tesinas, entre otros g\u00e9neros.<\/p>\n<p>A partir del curso, y con base en el <strong><a href=\"\/taller\/documentos\/Manual-de-apoyo_Taller-de-redaccion-academica-KOVAL.pdf\" target=\"_blank\" rel=\"noopener\">Manual de apoyo para el Taller de redacci\u00f3n acad\u00e9mica<\/a><\/strong>, el\/la asistente podr\u00e1 desarrollar habilidades espec\u00edficas para la elaboraci\u00f3n de textos en el nivel de la producci\u00f3n universitaria, y ser\u00e1 capaz, a un tiempo, de otorgar mayor rigor cient\u00edfico a sus investigaciones.<\/p>\n<p><strong>\u00a0Objetivos<\/strong><strong>\u00a0<\/strong><\/p>\n<ul>\n<li>Comprender los fundamentos del dise\u00f1o y desarrollo de investigaciones te\u00f3ricas y aplicadas.<\/li>\n<li>Identificar las caracter\u00edsticas del enunciador cient\u00edfico-acad\u00e9mico.<\/li>\n<li>Internalizar los principios b\u00e1sicos de la redacci\u00f3n de ensayos, monograf\u00edas, trabajos de integraci\u00f3n final, art\u00edculos cient\u00edficos o <em>papers<\/em>, tesinas o tesis.<\/li>\n<li>Incorporar las pautas formales, estil\u00edsticas y pros\u00f3dicas de los textos del g\u00e9nero acad\u00e9mico.<\/li>\n<\/ul>\n<p><strong>Modalidad<\/strong><strong> y duraci\u00f3n<\/strong><\/p>\n<p style=\"padding-left: 30px;\"><em>Online<\/em> o presencial. El taller tiene una duraci\u00f3n total de 8 horas. Puede darse en uno, en dos o cuatro d\u00edas.<\/p>\n<p><strong>Destinatarios <\/strong><\/p>\n<p style=\"padding-left: 30px;\">El taller est\u00e1 destinado a toda persona interesada en incorporar herramientas, t\u00e9cnicas y m\u00e9todos para la producci\u00f3n eficaz de trabajos acad\u00e9micos.<\/p>\n<p><strong>Cupo m\u00e1ximo por taller<\/strong><\/p>\n<p style=\"padding-left: 30px;\">12 asistentes.<\/p>\n<p><strong>Seguir leyendo<\/strong><\/p>\n<p style=\"padding-left: 30px;\"><a href=\"\/taller\/programa\/\" rel=\"noopener\">Programa \u2192<\/a><br \/><a href=\"\/taller\/documentos\/Programa-Taller-de-Redaccion-Academica-KOVAL-2023.pdf\" target=\"_blank\" rel=\"noopener\">Programa completo (PDF) \u2192<\/a><br \/><a href=\"\/taller\/manual-de-apoyo\/\" rel=\"noopener\">Manual de redacci\u00f3n acad\u00e9mica \u2192<\/a><br \/><a href=\"\/taller\/cuerpo-docente\/\">Cuerpo docente \u2192<\/a><\/p>\n<p><strong>Consultas<\/strong><\/p>\n<p>Para mayor informaci\u00f3n sobre el taller, tener a bien escribir un correo a <strong><a href=\"mailto:santiagokoval@gmail.com\">santiagokoval@gmail.com<\/a>\u00a0<\/strong>o completar el siguiente <a href=\"\/taller\/contacto\/\"><strong>formulario de contacto<\/strong><\/a>.<\/p>\n\n\n<p><\/p>\n","protected":false},"excerpt":{"rendered":"<p>Descargar el Programa completo (PDF) \u2192 El Taller de redacci\u00f3n acad\u00e9mica de Kubern\u00c9tica Academy tiene como objetivo abarcar el proceso productivo involucrado en la investigaci\u00f3n y redacci\u00f3n de trabajos acad\u00e9micos, esto es: la definici\u00f3n del objeto de estudio, la detecci\u00f3n de un problema de investigaci\u00f3n y la formulaci\u00f3n de hip\u00f3tesis, el desarrollo de un dise\u00f1o [&hellip;]<\/p>\n","protected":false},"author":1,"featured_media":0,"parent":0,"menu_order":0,"comment_status":"closed","ping_status":"closed","template":"","meta":{"footnotes":""},"class_list":["post-225","page","type-page","status-publish","hentry"],"aioseo_notices":[],"_links":{"self":[{"href":"https:\/\/www.kubernetica.com\/taller\/wp-json\/wp\/v2\/pages\/225","targetHints":{"allow":["GET"]}}],"collection":[{"href":"https:\/\/www.kubernetica.com\/taller\/wp-json\/wp\/v2\/pages"}],"about":[{"href":"https:\/\/www.kubernetica.com\/taller\/wp-json\/wp\/v2\/types\/page"}],"author":[{"embeddable":true,"href":"https:\/\/www.kubernetica.com\/taller\/wp-json\/wp\/v2\/users\/1"}],"replies":[{"embeddable":true,"href":"https:\/\/www.kubernetica.com\/taller\/wp-json\/wp\/v2\/comments?post=225"}],"version-history":[{"count":30,"href":"https:\/\/www.kubernetica.com\/taller\/wp-json\/wp\/v2\/pages\/225\/revisions"}],"predecessor-version":[{"id":483,"href":"https:\/\/www.kubernetica.com\/taller\/wp-json\/wp\/v2\/pages\/225\/revisions\/483"}],"wp:attachment":[{"href":"https:\/\/www.kubernetica.com\/taller\/wp-json\/wp\/v2\/media?parent=225"}],"curies":[{"name":"wp","href":"https:\/\/api.w.org\/{rel}","templated":true}]}}