{"id":296,"date":"2023-08-17T21:18:08","date_gmt":"2023-08-17T21:18:08","guid":{"rendered":"https:\/\/www.kubernetica.com\/taller\/?page_id=296"},"modified":"2023-12-06T15:44:34","modified_gmt":"2023-12-06T15:44:34","slug":"bienvenida","status":"publish","type":"page","link":"https:\/\/www.kubernetica.com\/taller\/","title":{"rendered":"Bienvenida"},"content":{"rendered":"\n<img decoding=\"async\" src=\"\/taller\/wp-content\/uploads\/2023\/09\/taller-redaccion-academica-big-1.png\">\n<br \/><br \/>\n<p>El <strong>Taller de redacci\u00f3n acad\u00e9mica<\/strong> est\u00e1 destinado a estudiantes, tesistas, profesionales, empresas e instituciones educativas en todo el territorio hispanoamericano interesados en mejorar sus habilidades metodol\u00f3gicas de trabajo y sus destrezas ret\u00f3ricas de expresi\u00f3n discursiva. Los asistentes ser\u00e1n capaces de desarrollar habilidades para la elaboraci\u00f3n de textos en el nivel de la producci\u00f3n profesional y universitaria y, a un tiempo, de otorgar mayor rigor metodol\u00f3gico a sus proyectos, producciones e investigaciones.<\/p>\n<p>En este espacio, se ponen a disposici\u00f3n el <strong><a href=\"\/taller\/taller-de-redaccion\/\">programa completo<\/a><\/strong> y, de forma libre y gratuita para la comunidad hispanohablante, el <strong><a href=\"\/taller\/documentos\/Manual-de-apoyo_Taller-de-redaccion-academica-KOVAL.pdf\" target=\"_blank\" rel=\"noopener\"><em>Manual de apoyo para el taller de redacci\u00f3n acad\u00e9mica<\/em><\/a><\/strong>.\u00a0El Manual\u00a0ofrece un compendio organizado de las etapas centrales de la producci\u00f3n acad\u00e9mica en sus dos ejes principales: la investigaci\u00f3n y la redacci\u00f3n.<\/p>\n<p>Por otro lado, ofrecemos para organizaciones, instituciones educativas y empresas el <a href=\"\/taller\/programas-para-empresas-e-instituciones\/\"><strong>Taller de comunicaci\u00f3n eficaz: la escritura profesional y administrativa<\/strong><\/a>, especialmente destinado a toda persona interesada en incorporar herramientas y t\u00e9cnicas de redacci\u00f3n orientadas al \u00e1mbito profesional.\n<\/p>\n<p>Por \u00faltimo, ofrecemos <strong><a href=\"\/taller\/clases\/\">clases particulares y grupales<\/a><\/strong> orientadas a guiar trabajos acad\u00e9micos (monograf\u00edas, ensayos, trabajos pr\u00e1cticos, tesinas, trabajos de integraci\u00f3n final, tesis, etc.). Las clases consisten en encuentros individuales o grupales en los que se analiza la estructura del trabajo escrito por el consultante y se discuten cuestiones vinculadas con la metodolog\u00eda y el orden expositivo del texto. Tambi\u00e9n, se revisan aspectos de redacci\u00f3n con diversos niveles de profundidad de acuerdo con las necesidades de cada caso particular.<\/p>\n<p>Para mayor informaci\u00f3n sobre la realizaci\u00f3n presencial o virtual de los talleres o de las clases particulares y\/o grupales, tener a bien enviar un correo a <a href=\"mailto:santiagokoval@gmail.com\"><strong>santiagokoval@gmail.com<\/strong><\/a> o completar el siguiente <a href=\"\/taller\/contacto\/\"><strong>formulario de contacto<\/strong><\/a>.<\/p>\n","protected":false},"excerpt":{"rendered":"<p>El Taller de redacci\u00f3n acad\u00e9mica est\u00e1 destinado a estudiantes, tesistas, profesionales, empresas e instituciones educativas en todo el territorio hispanoamericano interesados en mejorar sus habilidades metodol\u00f3gicas de trabajo y sus destrezas ret\u00f3ricas de expresi\u00f3n discursiva. Los asistentes ser\u00e1n capaces de desarrollar habilidades para la elaboraci\u00f3n de textos en el nivel de la producci\u00f3n profesional y [&hellip;]<\/p>\n","protected":false},"author":1,"featured_media":0,"parent":0,"menu_order":0,"comment_status":"closed","ping_status":"closed","template":"","meta":{"footnotes":""},"class_list":["post-296","page","type-page","status-publish","hentry"],"aioseo_notices":[],"_links":{"self":[{"href":"https:\/\/www.kubernetica.com\/taller\/wp-json\/wp\/v2\/pages\/296","targetHints":{"allow":["GET"]}}],"collection":[{"href":"https:\/\/www.kubernetica.com\/taller\/wp-json\/wp\/v2\/pages"}],"about":[{"href":"https:\/\/www.kubernetica.com\/taller\/wp-json\/wp\/v2\/types\/page"}],"author":[{"embeddable":true,"href":"https:\/\/www.kubernetica.com\/taller\/wp-json\/wp\/v2\/users\/1"}],"replies":[{"embeddable":true,"href":"https:\/\/www.kubernetica.com\/taller\/wp-json\/wp\/v2\/comments?post=296"}],"version-history":[{"count":13,"href":"https:\/\/www.kubernetica.com\/taller\/wp-json\/wp\/v2\/pages\/296\/revisions"}],"predecessor-version":[{"id":496,"href":"https:\/\/www.kubernetica.com\/taller\/wp-json\/wp\/v2\/pages\/296\/revisions\/496"}],"wp:attachment":[{"href":"https:\/\/www.kubernetica.com\/taller\/wp-json\/wp\/v2\/media?parent=296"}],"curies":[{"name":"wp","href":"https:\/\/api.w.org\/{rel}","templated":true}]}}